{"id":3237,"date":"2021-04-19T06:49:44","date_gmt":"2021-04-19T06:49:44","guid":{"rendered":"https:\/\/cochem-gut.de\/service\/statutes-contribution-rules\/"},"modified":"2021-04-21T06:19:56","modified_gmt":"2021-04-21T06:19:56","slug":"statutes-contribution-rules","status":"publish","type":"page","link":"https:\/\/cochem-gut.de\/en\/service\/statutes-contribution-rules\/","title":{"rendered":"Statutes \/ Contribution Rules"},"content":{"rendered":"\t\t<div data-elementor-type=\"wp-page\" data-elementor-id=\"3237\" class=\"elementor elementor-3237 elementor-102\" data-elementor-post-type=\"page\">\n\t\t\t\t\t\t<section class=\"elementor-section elementor-top-section elementor-element elementor-element-8d03856 elementor-section-boxed elementor-section-height-default elementor-section-height-default\" data-id=\"8d03856\" data-element_type=\"section\" data-e-type=\"section\">\n\t\t\t\t\t\t<div class=\"elementor-container elementor-column-gap-default\">\n\t\t\t\t\t<div class=\"elementor-column elementor-col-100 elementor-top-column elementor-element elementor-element-78f690d3\" data-id=\"78f690d3\" data-element_type=\"column\" data-e-type=\"column\">\n\t\t\t<div class=\"elementor-widget-wrap elementor-element-populated\">\n\t\t\t\t\t\t<div class=\"elementor-element elementor-element-33b4c94 elementor-widget elementor-widget-heading\" data-id=\"33b4c94\" data-element_type=\"widget\" data-e-type=\"widget\" data-widget_type=\"heading.default\">\n\t\t\t\t<div class=\"elementor-widget-container\">\n\t\t\t\t\t<h1 class=\"elementor-heading-title elementor-size-default\">Statutes \/ Contribution Rules<\/h1>\t\t\t\t<\/div>\n\t\t\t\t<\/div>\n\t\t\t\t<div class=\"elementor-element elementor-element-66e365f elementor-widget elementor-widget-text-editor\" data-id=\"66e365f\" data-element_type=\"widget\" data-e-type=\"widget\" data-widget_type=\"text-editor.default\">\n\t\t\t\t<div class=\"elementor-widget-container\">\n\t\t\t\t\t\t\t\t\t<h2 style=\"background-color: transparent; font-family: 'Fjalla One'; font-weight: 400; margin-bottom: 18px; text-transform: uppercase;\">Satzung des Vereins\u00a0<br style=\"font-stretch: normal; font-variant-numeric: normal; font-variant-east-asian: normal; line-height: 24px; margin: 0px;\" \/>G.u.T. &#8211; \u201eGastlichkeit &amp; Tourismus e.\u202fV.\u201d, Cochem<br style=\"font-stretch: normal; font-variant-numeric: normal; font-variant-east-asian: normal; line-height: 24px; margin: 0px;\" \/>vom 25. Mai 1993 &#8211; zuletzt ge\u00e4ndert am 11. Juni 2013<\/h2>\n<h5>\u00a7\u202f1 &#8211; Name und Sitz<\/h5>\n<p>Der Verein ist im Vereinsregister eingetragen. Sein Name lautet &#8220;Gastlichkeit und Tourismus e.\u202fV.&#8221;. Der Verein hat seinen Sitz in Cochem.<\/p>\n<h5>\u00a7\u202f2 &#8211; Zweck des Vereins<\/h5>\n<p>Zweck des Vereins ist die F\u00f6rderung des Fremdenverkehrs in Cochem. Er soll insbesondere die Zusammenarbeit mit den Beh\u00f6rden f\u00f6rdern und Ziel\u00advor\u00adstel\u00adlun\u00adgen entwickeln, die geeignet sind, das Fremdenverkehrsgewerbe in Cochem weiter zu entwickeln.<\/p>\n<h5>\u00a7\u202f3 &#8211; Eintritt von Mitgliedern<\/h5>\n<p>Jeder, der im Bereich des Fremdenverkehrs in Cochem t\u00e4tig ist und Leistungen erbringt sowie F\u00f6rdermitglieder k\u00f6nnen Mitglied des Vereins werden. \u00dcber die Aufnahme entscheidet nach schriftlichem Aufnahmeantrag der Vorstand.<\/p>\n<h5>\u00a7\u202f4 &#8211; Austritt von Mitgliedern<\/h5>\n<p>Jedes Mitglied kann jederzeit aus dem Verein austreten. Der Austritt erfolgt durch schriftliche Erkl\u00e4rung gegen\u00fcber einem Mitglied des gesch\u00e4ftsf\u00fchrenden Vorstandes.<\/p>\n<h5>\u00a7\u202f5 &#8211; Ausschluss von Mitgliedern<\/h5>\n<p>Ein Mitglied, das schuldhaft in grober Weise die Interessen des Vereins verletzt, kann aus dem Verein ausgeschlossen werden. \u00dcber den Ausschluss entscheidet die Mitgliederversammlung. Der entsprechende Beschluss muss mit mindestens 3\/4 Mehrheit der abgegebenen Stimmen gefasst werden.<\/p>\n<h5>\u00a7\u202f6 &#8211; Mitgliedsbeitrag<\/h5>\n<p>Die Mitglieder haben Beitr\u00e4ge zu entrichten, die in der Beitragsordnung geregelt sind. Die Bei\u00adtrags\u00adord\u00adnung wird von der Mitgliederversammlung mit einfacher Mehrheit der abgegebenen Stimmen beschlos\u00adsen.<\/p>\n<h5>\u00a7\u202f7 &#8211; Vorstand<\/h5>\n<p>Der Vorstand besteht aus dem ersten Vorsitzenden, seinem Stellvertreter, dem Kassierer, dem Schriftf\u00fchrer und bis zu 10 Beir\u00e4ten.Der Vorstand wird von der Mitgliederversammlung f\u00fcr die Dauer von drei Jahren gew\u00e4hlt. Nach Ablauf seiner Amtszeit bleibt der Vorstand bis zur Neuwahl im Amt. Wiederwahl ist zul\u00e4ssig.<\/p>\n<p>Die zu w\u00e4hlenden Beir\u00e4te sollen die einzelnen Sparten des Fremdenverkehrs repr\u00e4sentieren.<\/p>\n<p>Vorstand im Sinne des \u00a7\u202f26 BGB:<br \/>Zur Vertretung des Vereins im Sinne des \u00a7\u202f26 BGB ist der erste Vorsitzende und der stell\u00adver\u00adtre\u00adten\u00adde Vorsitzende, jeder f\u00fcr sich allein, berechtigt. Im Innen\u00adver\u00adh\u00e4lt\u00adnis vertritt der stellvertretende Vorsitzende bei Verhinderung des ersten Vorsitzenden den Verein. Der erste Vorsitzende und der stellvertretende Vorsitzende haben das Recht, f\u00fcr einzelne Gesch\u00e4fte des Vereins einem anderen Vorstandsmitglied eine schriftliche Vollmacht zur Vertretung des Vereins zu erteilen, wenn sie selbst verhindert sind.<\/p>\n<h5>\u00a7\u202f8 &#8211; Mitgliederversammlung<\/h5>\n<p>Die ordentliche Mitgliederversammlung findet einmal j\u00e4hrlich statt. Au\u00dfer\u00ador\u00addent\u00adli\u00adche Mitglie\u00adder\u00adver\u00adsamm\u00adlun\u00adgen finden statt, wenn diese im Interesse des Vereins erforderlich sind oder wenn die Einberufung einer derartigen Versammlung von mindestens einem Viertel der Mitglieder schriftlich vom Vorstand verlangt wird. Mit dem schriftlichen Antrag sollen gleichzeitig auch die Gr\u00fcnde ange\u00adge\u00adben werden.<\/p>\n<h5>\u00a7\u202f9 &#8211; Einberufung der Mitgliederversammlung<\/h5>\n<p>Mitgliederversammlungen werden vom erstem Vorsitzenden, bei dessen Ver\u00adhin\u00adde\u00adrung vom stellvertretenden Vorsitzenden, durch einfachen Brief einberufen. Dabei ist die vom Vorsitzenden bzw. vom stellvertretenden Vorsitzenden fest\u00adge\u00adleg\u00adte Tages\u00adord\u00adnung mitzuteilen. Die Einbe\u00adru\u00adfungs\u00adfrist betr\u00e4gt eine Woche.<\/p>\n<p>Ersatzweise erfolgt die Einladung zur Mitgliederversammlung unter Vereins\u00adnach\u00adrich\u00adten im Stadt\u00adbo\u00adten.<\/p>\n<h5>\u00a7\u202f10 &#8211; Ablauf der Mitgliederversammlung<\/h5>\n<p>Die Mitgliederversammlung wird vom ersten Vorsitzenden, bei dessen Verhinderung vom stellvertretenden Vorsitzenden, geleitet. Ist auch dieser verhindert, leitet die Versammlung der nach \u00a7\u202f7 schriftlich bevollm\u00e4chtigte Vertreter. Ist auch dieser verhindert, so w\u00e4hlt die Mitglie\u00adder\u00adver\u00adsamm\u00adlung einen Versammlungsleiter.Durch Beschluss der Mitgliederversammlung kann die vom ersten Vorsitzenden, bei dessen Ver\u00adhin\u00adde\u00adrung vom stellvertretenden Vorsitzenden, festgelegte Tagesordnung ge\u00e4ndert und erg\u00e4nzt werden. \u00dcber die Annahme von Beschluss\u00adantr\u00e4gen entscheidet die Mitgliederversammlung mit der Mehrheit der abge\u00adge\u00adbe\u00adnen g\u00fcltigen Stimmen. Stimmenthaltungen gelten als ung\u00fcltige Stimmen. Zum Ausschluss von Mitgliedern und zur Satzungs\u00e4nderung bedarf es einer Mehrheit von 3\/4 der abgegebenen g\u00fcltigen Stimmen. Zur \u00c4nderung des Vereinszweckes ist eine Mehrheit von 9\/10 der abgegebenen g\u00fcltigen Stimmen erforderlich.<\/p>\n<p>Abstimmungen erfolgen grunds\u00e4tzlich durch &#8220;Handaufheben&#8221;. Die schriftliche Abstimmung erfolgt, wenn mindestens 1\/3 der anwesenden Mitglieder dies verlangt.<\/p>\n<p>Stimmberechtigt sind alle Mitglieder, die ihre Beitragspflicht gem\u00e4\u00df \u00a7 6 dieser Satzung erf\u00fcllt haben.<\/p>\n<p>Jedes Mitglied hat nur eine Stimme; das Stimmrecht kann schriftlich an ein voll\u00adj\u00e4h\u00adri\u00adges Fami\u00adli\u00aden\u00admit\u00adglied \u00fcbertragen werden.<\/p>\n<p>\u00dcber die Mitgliederversammlung und Versammlungen des Vorstandes ist ein Protokoll anzufertigen und vom Schriftf\u00fchrer zu unterzeichnen.<\/p>\n<h5>\u00a7\u202f11 &#8211; Aufl\u00f6sung des Vereins<\/h5>\n<p>Die Aufl\u00f6sung des Vereins kann nur in einer besonderen, zu diesem Zweck einberufenen Mitgliederversammlung beschlossen werden. Dabei gilt, dass mindestens 1\/3 der Mitglieder anwesend sein muss und dass der Auf\u00adl\u00f6\u00adsungs\u00adbe\u00adschluss mit mindestens 3\/4 aller abgegebenen g\u00fcltigen Stimmen gefasst wird.F\u00fcr die Abstimmung gelten die Vorschriften des \u00a7\u202f10 dieser Satzung.<\/p>\n<p>Im Falle der Beschlussunf\u00e4higkeit ist innerhalb von vier Wochen eine neue Mit\u00adglie\u00adder\u00adver\u00adsamm\u00adlung vorschriftsm\u00e4\u00dfig mit derselben Tagesordnung einzu\u00adbe\u00adru\u00adfen, die ohne R\u00fccksicht auf die Zahl der erschienenen Mitglieder die Aufl\u00f6sung mit einfacher Mehrheit der Anwesenden beschlie\u00dfen kann.<\/p>\n<p>Bei Aufl\u00f6sung wird das Verm\u00f6gen des Vereins an die Mitglieder verteilt und zwar im Verh\u00e4ltnis der im letzten Jahr geleisteten Jahresbeitr\u00e4ge.<\/p>\n<h5>\u00a7\u202f12 &#8211; Inkrafttreten<\/h5>\n<p>Diese Satzung tritt an Stelle der bisherigen Satzung und gilt ab dem 25. Mai 1993.<\/p>\n<p>Eingetragen beim Amtsgericht Koblenz, VR 2285<\/p>\n\t\t\t\t\t\t\t\t<\/div>\n\t\t\t\t<\/div>\n\t\t\t\t<div class=\"elementor-element elementor-element-767b69cf elementor-widget elementor-widget-text-editor\" data-id=\"767b69cf\" data-element_type=\"widget\" data-e-type=\"widget\" data-widget_type=\"text-editor.default\">\n\t\t\t\t<div class=\"elementor-widget-container\">\n\t\t\t\t\t\t\t\t\t<h2>Beitragsordnung<\/h2>\n<h3>1. Beitragsgruppen<\/h3>\n<p>(&#8220;WE&#8221; = Wohneinheiten \u2022 &#8220;HS&#8221; = Hauptsaison)<\/p>\n<p>a) F\u00f6rder-Mitglieder<br \/>F\u00f6rdermitglied oder Mitglied ohne direkte Einnahmen aus eigenem Gewer\u00adbe\u00adbe\u00adtrieb (z.\u202fB. Privatperson, Kommunalpolitiker).<\/p>\n<p>b) \u201eEin-Mann-Betriebe\u201d<br \/>Weniger als 9 Betten bzw. 5 WE bzw. weniger als 2 Besch\u00e4f\u00adtig\u00adte (HS).<\/p>\n<p>c) Einzelh\u00e4ndler<\/p>\n<p>d) \u201eKleine\u201d Betriebe<br \/>Weniger als 21 Betten bzw. 11 WE bzw. weniger als 3 Besch\u00e4f\u00adtig\u00adte (HS).<\/p>\n<p>e) \u201eMittlere\u201d Betriebe<br \/>Weniger als 61 Betten bzw. 31 WE und weniger als 7 Besch\u00e4f\u00adtig\u00adte (HS).<\/p>\n<p>f) \u201eGr\u00f6\u00dfere\u201d Betriebe<br \/>Mehr als 60\u00a0Betten bzw. 30\u00a0WE bzw. mehr als 8\u00a0Besch\u00e4f\u00adtig\u00adte in der HS.<\/p>\n<h3>2. Mitgliedsbeitr\u00e4ge<\/h3>\n<p><strong>\u00a7\u202f1 G\u00fcltigkeitszeitraum<\/strong><\/p>\n<p>Die H\u00f6he der j\u00e4hrlich zu entrichtenden Beitr\u00e4ge gilt immer f\u00fcr ein Bei\u00adtrags\u00adjahr (1. Juli bis 30. Juni des Folgejahres). Im Falle eines Austritts werden keine anteiligen Jahresbeitr\u00e4ge erstattet.<\/p>\n<p><strong>\u00a7\u202f2 Beitragsgruppen-Zuordnung<\/strong><\/p>\n<p>Die Zuordnung der einzelnen Mitglieder-Beitr\u00e4ge sind vom gesch\u00e4fts\u00adf\u00fch\u00adrenden Vorstand regelm\u00e4\u00dfig zu \u00fcberpr\u00fcfen und der Beitrag dann gege\u00adbe\u00adnen\u00adfalls nach der zum Betrieb\/Mitglied passenden Gruppe zu erheben.<\/p>\n<p><strong>\u00a7\u202f3 Beitragsanpassungen<\/strong><\/p>\n<p>Der Vorstand ist von der Mitgliederversammlung beauftragt, regelm\u00e4\u00dfig Anpas\u00adsun\u00adgen der Beitr\u00e4ge vorzunehmen, maximal in H\u00f6he der Steigerung der Lebenshaltungskosten (\u201eVerbraucherpreisindex f\u00fcr Deutschland\u201d).<\/p>\n<p><strong>\u00a7\u202f4 F\u00e4lligkeit und Zahlung der Beitr\u00e4ge<\/strong><\/p>\n<p>Die Beitr\u00e4ge werden mit Beginn jedes Beitragsjahres (1. Juli) f\u00e4llig. Der Teil-Jahresbeitrag f\u00fcr Neumitglieder (Beitrittsmonat bis 30. Juni) wird mit der Aufnahme in den Verein f\u00e4llig. Die Zahlung erfolgt mittels SEPA-Basis\u00adlast\u00adschrift\u00adver\u00adfah\u00adren (Bankeinzug). (Gl\u00e4ubiger-ID: DE60ZZZ00000368847)<\/p>\n<p><strong>\u00a7\u202f5 Mindesth\u00f6he der Beitr\u00e4ge<\/strong><\/p>\n<table border=\"0\" width=\"441\" cellspacing=\"5\" cellpadding=\"0\">\n<tbody>\n<tr>\n<td><strong>Beitragsgruppe<\/strong><\/td>\n<td><strong>Jahresbeitrag<\/strong><\/td>\n<td valign=\"middle\"><strong>\u00a0 monatl.<\/strong><\/td>\n<\/tr>\n<tr>\n<td>F\u00f6rder-Mitglieder<\/td>\n<td>15,00 \u20ac<\/td>\n<td>(1,25 \u20ac)<\/td>\n<\/tr>\n<tr>\n<td>\u201eEin-Mann&#8221; Betriebe<\/td>\n<td>18,00 \u20ac<\/td>\n<td>(1,50 \u20ac)<\/td>\n<\/tr>\n<tr>\n<td>Einzelh\u00e4ndler<\/td>\n<td>18,00 \u20ac<\/td>\n<td>(1,50 \u20ac)<\/td>\n<\/tr>\n<tr>\n<td>\u201eKleine\u201d Betriebe<\/td>\n<td>36,00 \u20ac<\/td>\n<td>(3,00 \u20ac)<\/td>\n<\/tr>\n<tr>\n<td>\u201eMittlere\u201d Betriebe<\/td>\n<td>54,00 \u20ac<\/td>\n<td>(4,50 \u20ac)<\/td>\n<\/tr>\n<tr>\n<td>\u201eGr\u00f6\u00dfere\u201d Betriebe<\/td>\n<td>72,00 \u20ac<\/td>\n<td>(6,00 \u20ac)<\/td>\n<\/tr>\n<\/tbody>\n<\/table>\n\t\t\t\t\t\t\t\t<\/div>\n\t\t\t\t<\/div>\n\t\t\t\t\t<\/div>\n\t\t<\/div>\n\t\t\t\t\t<\/div>\n\t\t<\/section>\n\t\t\t\t<section class=\"elementor-section elementor-top-section elementor-element elementor-element-ab27c2f elementor-section-boxed elementor-section-height-default elementor-section-height-default\" data-id=\"ab27c2f\" data-element_type=\"section\" data-e-type=\"section\">\n\t\t\t\t\t\t<div class=\"elementor-container elementor-column-gap-default\">\n\t\t\t\t\t<div class=\"elementor-column elementor-col-50 elementor-top-column elementor-element elementor-element-811306a\" data-id=\"811306a\" data-element_type=\"column\" data-e-type=\"column\" data-settings=\"{&quot;background_background&quot;:&quot;classic&quot;}\">\n\t\t\t<div class=\"elementor-widget-wrap elementor-element-populated\">\n\t\t\t\t\t\t<div class=\"elementor-element elementor-element-bb1f5d2 elementor-widget elementor-widget-text-editor\" data-id=\"bb1f5d2\" data-element_type=\"widget\" data-e-type=\"widget\" data-widget_type=\"text-editor.default\">\n\t\t\t\t<div class=\"elementor-widget-container\">\n\t\t\t\t\t\t\t\t\t<h4><strong><a href=\"https:\/\/cochem.de\/tourism\/event-highlights-in-cochem\/?lang=en\/\" target=\"_blank\" rel=\"noopener\">Events in Cochem<\/a><\/strong><\/h4>\n\t\t\t\t\t\t\t\t<\/div>\n\t\t\t\t<\/div>\n\t\t\t\t\t<\/div>\n\t\t<\/div>\n\t\t\t\t<div class=\"elementor-column elementor-col-50 elementor-top-column elementor-element elementor-element-b1a0251\" data-id=\"b1a0251\" data-element_type=\"column\" data-e-type=\"column\" data-settings=\"{&quot;background_background&quot;:&quot;classic&quot;}\">\n\t\t\t<div class=\"elementor-widget-wrap elementor-element-populated\">\n\t\t\t\t\t\t<div class=\"elementor-element elementor-element-da9507a elementor-widget elementor-widget-image\" data-id=\"da9507a\" data-element_type=\"widget\" data-e-type=\"widget\" data-widget_type=\"image.default\">\n\t\t\t\t<div class=\"elementor-widget-container\">\n\t\t\t\t\t\t\t\t\t\t\t\t\t\t\t\t<a href=\"https:\/\/cochem-gut.de\/wp-content\/uploads\/2021\/03\/DSC04901-Copy-scaled.jpg\" data-elementor-open-lightbox=\"yes\" data-elementor-lightbox-title=\"Autumn market Cochem\" data-elementor-lightbox-description=\"Autumn market Cochem\" data-e-action-hash=\"#elementor-action%3Aaction%3Dlightbox%26settings%3DeyJpZCI6MzIwMiwidXJsIjoiaHR0cHM6XC9cL2NvY2hlbS1ndXQuZGVcL3dwLWNvbnRlbnRcL3VwbG9hZHNcLzIwMjFcLzAzXC9EU0MwNDkwMS1Db3B5LXNjYWxlZC5qcGcifQ%3D%3D\">\n\t\t\t\t\t\t\t<img decoding=\"async\" src=\"https:\/\/cochem-gut.de\/wp-content\/uploads\/elementor\/thumbs\/DSC04901-Copy-scaled-p4z0fex7yrz5wzi9jer0711w95jooz3zm6iponfop0.jpg\" title=\"Autumn market Cochem\" alt=\"Image of a stall with jam jars and spirits at the Cochem autumn market\" loading=\"lazy\" \/>\t\t\t\t\t\t\t\t<\/a>\n\t\t\t\t\t\t\t\t\t\t\t\t\t\t\t<\/div>\n\t\t\t\t<\/div>\n\t\t\t\t\t<\/div>\n\t\t<\/div>\n\t\t\t\t\t<\/div>\n\t\t<\/section>\n\t\t\t\t<\/div>\n\t\t","protected":false},"excerpt":{"rendered":"<p>Statutes \/ Contribution Rules Satzung des Vereins\u00a0G.u.T. &#8211; \u201eGastlichkeit &amp; Tourismus e.\u202fV.\u201d, Cochemvom 25. Mai 1993 &#8211; zuletzt ge\u00e4ndert am 11. Juni 2013 \u00a7\u202f1 &#8211; Name und Sitz Der Verein ist im Vereinsregister eingetragen. Sein Name lautet &#8220;Gastlichkeit und Tourismus e.\u202fV.&#8221;. Der Verein hat seinen Sitz in Cochem. \u00a7\u202f2 &#8211; Zweck des Vereins Zweck des [&hellip;]<\/p>\n","protected":false},"author":1,"featured_media":0,"parent":3233,"menu_order":0,"comment_status":"closed","ping_status":"closed","template":"","meta":{"footnotes":""},"class_list":["post-3237","page","type-page","status-publish","hentry"],"aioseo_notices":[],"_links":{"self":[{"href":"https:\/\/cochem-gut.de\/en\/wp-json\/wp\/v2\/pages\/3237","targetHints":{"allow":["GET"]}}],"collection":[{"href":"https:\/\/cochem-gut.de\/en\/wp-json\/wp\/v2\/pages"}],"about":[{"href":"https:\/\/cochem-gut.de\/en\/wp-json\/wp\/v2\/types\/page"}],"author":[{"embeddable":true,"href":"https:\/\/cochem-gut.de\/en\/wp-json\/wp\/v2\/users\/1"}],"replies":[{"embeddable":true,"href":"https:\/\/cochem-gut.de\/en\/wp-json\/wp\/v2\/comments?post=3237"}],"version-history":[{"count":3,"href":"https:\/\/cochem-gut.de\/en\/wp-json\/wp\/v2\/pages\/3237\/revisions"}],"predecessor-version":[{"id":3787,"href":"https:\/\/cochem-gut.de\/en\/wp-json\/wp\/v2\/pages\/3237\/revisions\/3787"}],"up":[{"embeddable":true,"href":"https:\/\/cochem-gut.de\/en\/wp-json\/wp\/v2\/pages\/3233"}],"wp:attachment":[{"href":"https:\/\/cochem-gut.de\/en\/wp-json\/wp\/v2\/media?parent=3237"}],"curies":[{"name":"wp","href":"https:\/\/api.w.org\/{rel}","templated":true}]}}